{"id":19288,"date":"2020-08-24T19:25:28","date_gmt":"2020-08-24T16:25:28","guid":{"rendered":"https:\/\/electronicminds.com.tr\/?page_id=19288"},"modified":"2020-09-01T22:30:38","modified_gmt":"2020-09-01T19:30:38","slug":"referans-ortakligi","status":"publish","type":"page","link":"https:\/\/electronicminds.com.tr\/tr\/referans-ortakligi\/","title":{"rendered":"Referans Ortakl\u0131\u011f\u0131"},"content":{"rendered":"<p><header class=\"fusion-fullwidth fullwidth-box fusion-builder-row-1 fusion-parallax-none nonhundred-percent-fullwidth hundred-percent-height hundred-percent-height-center-content non-hundred-percent-height-scrolling fusion-equal-height-columns\" style=\"--awb-border-radius-top-left:0px;--awb-border-radius-top-right:0px;--awb-border-radius-bottom-right:0px;--awb-border-radius-bottom-left:0px;--awb-background-color:#1b2032;--awb-background-image:url(&quot;https:\/\/electronicminds.com.tr\/wp-content\/uploads\/2020\/07\/electronic-minds-referral-partner-header.png&quot;);--awb-background-size:cover;--awb-flex-wrap:wrap;\" ><div class=\"fusion-fullwidth-center-content\"><div class=\"fusion-builder-row fusion-row\"><div class=\"fusion-layout-column fusion_builder_column fusion-builder-column-0 fusion_builder_column_1_1 1_1 fusion-one-full fusion-column-first fusion-column-last fusion-animated\" style=\"--awb-padding-top:8%;--awb-padding-bottom:8%;--awb-bg-size:cover;\" data-animationType=\"fadeInDown\" data-animationDuration=\"0.8\" data-animationOffset=\"top-into-view\"><div class=\"fusion-column-wrapper fusion-column-has-shadow fusion-flex-column-wrapper-legacy\"><div class=\"fusion-title title fusion-title-1 fusion-sep-none fusion-title-center fusion-title-text fusion-title-size-one\" style=\"--awb-text-color:#ffffff;--awb-font-size:80px;\"><h1 class=\"fusion-title-heading title-heading-center fusion-responsive-typography-calculated\" style=\"margin:0;font-size:1em;--fontSize:80;line-height:1.25;\">Referans Ortakl\u0131\u011f\u0131<\/h1><\/div><div class=\"fusion-text fusion-text-1\" style=\"--awb-font-size:35px;\"><h4 style=\"color: #ffffff; font-size: 22px; text-align: center;\">Her zaman yeni i\u015flere girmeyi ve i\u015fletmelerin hedeflerine ula\u015fmalar\u0131na yard\u0131mc\u0131 olmay\u0131 d\u00f6rt g\u00f6zle bekliyoruz. Ayn\u0131 tutkuya sahipseniz, sizi referans orta\u011f\u0131m\u0131z olarak g\u00f6rmek isteriz. \u0130\u015fletmelerin daha \u00f6nce hi\u00e7 olmad\u0131\u011f\u0131 kadar b\u00fcy\u00fcmesine yard\u0131mc\u0131 olurken nas\u0131l b\u00fcy\u00fck gelir elde edebilece\u011finizi g\u00f6rmek i\u00e7in web sayfam\u0131za g\u00f6z at\u0131n.<\/h4>\n<\/div><div class=\"fusion-clearfix\"><\/div><\/div><\/div><\/div><\/div><\/header><div class=\"fusion-fullwidth fullwidth-box fusion-builder-row-2 nonhundred-percent-fullwidth non-hundred-percent-height-scrolling\" style=\"--awb-border-radius-top-left:0px;--awb-border-radius-top-right:0px;--awb-border-radius-bottom-right:0px;--awb-border-radius-bottom-left:0px;--awb-padding-top:6%;--awb-padding-bottom:6%;--awb-flex-wrap:wrap;\" ><div class=\"fusion-builder-row fusion-row\"><div class=\"fusion-layout-column fusion_builder_column fusion-builder-column-1 fusion_builder_column_1_1 1_1 fusion-one-full fusion-column-first fusion-column-last\" style=\"--awb-bg-size:cover;\"><div class=\"fusion-column-wrapper fusion-column-has-shadow fusion-flex-column-wrapper-legacy\"><div class=\"fusion-title title fusion-title-2 fusion-sep-none fusion-title-center fusion-title-text fusion-title-size-two fusion-animated\" data-animationType=\"fadeInUp\" data-animationDuration=\"0.3\" data-animationOffset=\"top-into-view\"><h2 class=\"fusion-title-heading title-heading-center fusion-responsive-typography-calculated\" style=\"margin:0;--fontSize:46;line-height:1.25;\">\u0130\u015fletmelerin B\u00fcy\u00fcmesini Desteklemek \u0130\u00e7in Bizimle Ortakl\u0131k Kurun<\/h2><\/div><div class=\"fusion-sep-clear\"><\/div><div class=\"fusion-separator\" style=\"margin-left: auto;margin-right: auto;margin-bottom:30px;width:100%;max-width:100px;\"><div class=\"fusion-separator-border sep-single sep-solid\" style=\"--awb-height:20px;--awb-amount:20px;--awb-sep-color:#4154ff;border-color:#4154ff;border-top-width:2px;\"><\/div><\/div><div class=\"fusion-sep-clear\"><\/div><div class=\"fusion-text fusion-text-2 fusion-animated\" data-animationType=\"fadeInUp\" data-animationDuration=\"0.3\" data-animationOffset=\"top-into-view\"><p style=\"text-align: center;\">Referans Ortaklar\u0131, m\u00fc\u015fteri ili\u015fkilerini (CRM) veya Zoho&#8217;nun uygulama paketinden yararlanabilecek di\u011fer bulut uygulamalar\u0131n\u0131 y\u00f6netmek isteyen i\u015fletmelere Electronic Minds&#8217;\u0131 tavsiye eder. Sat\u0131\u015f sonras\u0131nda ise referanslar\u0131m\u0131z i\u00e7in cazip bir tavsiye \u00fccreti sunuyoruz.<\/p>\n<\/div><div class=\"fusion-clearfix\"><\/div><\/div><\/div><\/div><\/div><div class=\"fusion-fullwidth fullwidth-box fusion-builder-row-3 nonhundred-percent-fullwidth non-hundred-percent-height-scrolling\" style=\"--awb-border-radius-top-left:0px;--awb-border-radius-top-right:0px;--awb-border-radius-bottom-right:0px;--awb-border-radius-bottom-left:0px;--awb-padding-top:80px;--awb-padding-bottom:80px;--awb-background-color:#f2f3f3;--awb-flex-wrap:wrap;\" ><div class=\"fusion-builder-row fusion-row\"><div class=\"fusion-layout-column fusion_builder_column fusion-builder-column-2 fusion_builder_column_1_2 1_2 fusion-one-half fusion-column-first fusion-animated\" style=\"--awb-bg-size:cover;width:50%;width:calc(50% - ( ( 4% ) * 0.5 ) );margin-right: 4%;\" data-animationType=\"fadeInLeft\" data-animationDuration=\"0.6\" data-animationOffset=\"top-into-view\"><div class=\"fusion-column-wrapper fusion-flex-column-wrapper-legacy\"><div class=\"fusion-title title fusion-title-3 fusion-sep-none fusion-title-text fusion-title-size-two\"><h2 class=\"fusion-title-heading title-heading-left fusion-responsive-typography-calculated\" style=\"margin:0;--fontSize:46;line-height:1.25;\">Nas\u0131l Referans Orta\u011f\u0131 Olabilirsiniz?<\/h2><\/div><div class=\"fusion-sep-clear\"><\/div><div class=\"fusion-separator fusion-clearfix\" style=\"float:left;margin-bottom:30px;width:100%;max-width:100px;\"><div class=\"fusion-separator-border sep-single sep-solid\" style=\"--awb-height:20px;--awb-amount:20px;--awb-sep-color:#4154ff;border-color:#4154ff;border-top-width:2px;\"><\/div><\/div><div class=\"fusion-sep-clear\"><\/div><div class=\"fusion-text fusion-text-3\"><div class=\"first-sentence-half\"><strong>Referans Orta\u011f\u0131 Olarak Websitesine Kaydolun.<\/strong><\/div>\n<\/div><ul style=\"--awb-line-height:30.6px;--awb-icon-width:30.6px;--awb-icon-height:30.6px;--awb-icon-margin:12.6px;--awb-content-margin:43.2px;\" class=\"fusion-checklist fusion-checklist-1 fusion-checklist-default type-icons\"><li class=\"fusion-li-item\" style=\"\"><span class=\"icon-wrapper circle-no\"><i class=\"fusion-li-icon fa-angle-right fas\" aria-hidden=\"true\"><\/i><\/span><div class=\"fusion-li-item-content\">\n<p>\u015eah\u0131s veya \u015firket olabilirsiniz.<\/p>\n<\/div><\/li><li class=\"fusion-li-item\" style=\"\"><span class=\"icon-wrapper circle-no\"><i class=\"fusion-li-icon fa-angle-right fas\" aria-hidden=\"true\"><\/i><\/span><div class=\"fusion-li-item-content\">\n<p>Kay\u0131t \u00fccretsizdir.<\/p>\n<\/div><\/li><\/ul><div class=\"fusion-text fusion-text-4\"><div class=\"first-sentence-half\">\n<div class=\"first-sentence-half\"><strong>Lead Ke\u015ffedin<\/strong><\/div>\n<\/div>\n<\/div><ul style=\"--awb-line-height:30.6px;--awb-icon-width:30.6px;--awb-icon-height:30.6px;--awb-icon-margin:12.6px;--awb-content-margin:43.2px;\" class=\"fusion-checklist fusion-checklist-2 fusion-checklist-default type-icons\"><li class=\"fusion-li-item\" style=\"\"><span class=\"icon-wrapper circle-no\"><i class=\"fusion-li-icon fa-angle-right fas\" aria-hidden=\"true\"><\/i><\/span><div class=\"fusion-li-item-content\">\n<div class=\"first-sentence-half\">CRM veya di\u011fer bulut uygulamalar\u0131 arayan Leadleri<br \/>\n<a href=\"mailto:sales@electronicminds.com.tr\">sales@electronicminds.com.tr<\/a> adresine yollay\u0131n.<\/div>\n<\/div><\/li><\/ul><div class=\"fusion-text fusion-text-5\"><div class=\"first-sentence-half\"><strong>Kolay \u00d6deme Alma<br \/>\n<\/strong><\/div>\n<div class=\"second-sentence-half\"><\/div>\n<\/div><ul style=\"--awb-line-height:30.6px;--awb-icon-width:30.6px;--awb-icon-height:30.6px;--awb-icon-margin:12.6px;--awb-content-margin:43.2px;\" class=\"fusion-checklist fusion-checklist-3 fusion-checklist-default type-icons\"><li class=\"fusion-li-item\" style=\"\"><span class=\"icon-wrapper circle-no\"><i class=\"fusion-li-icon fa-angle-right fas\" aria-hidden=\"true\"><\/i><\/span><div class=\"fusion-li-item-content\">\n<div class=\"first-sentence-half\">\n<p>Zoho Uygulamalar\u0131n\u0131 ba\u015far\u0131yla kapatan her Lead i\u00e7in \u00f6deme alacaks\u0131n\u0131z.<\/p>\n<\/div>\n<\/div><\/li><\/ul><div class=\"fusion-text fusion-text-6\"><div class=\"first-sentence-half\"><strong>Avantajlar<\/strong><\/div>\n<div class=\"second-sentence-half\"><\/div>\n<\/div><ul style=\"--awb-line-height:30.6px;--awb-icon-width:30.6px;--awb-icon-height:30.6px;--awb-icon-margin:12.6px;--awb-content-margin:43.2px;\" class=\"fusion-checklist fusion-checklist-4 fusion-checklist-default type-icons\"><li class=\"fusion-li-item\" style=\"\"><span class=\"icon-wrapper circle-no\"><i class=\"fusion-li-icon fa-angle-right fas\" aria-hidden=\"true\"><\/i><\/span><div class=\"fusion-li-item-content\">\n<div class=\"first-sentence-half\">\n<p>\u0130yi referans \u00fccretleri kazan\u0131n.<\/p>\n<\/div>\n<\/div><\/li><li class=\"fusion-li-item\" style=\"\"><span class=\"icon-wrapper circle-no\"><i class=\"fusion-li-icon fa-angle-right fas\" aria-hidden=\"true\"><\/i><\/span><div class=\"fusion-li-item-content\">\n<p>Ad\u0131n\u0131z\u0131 markam\u0131zla ili\u015fkilendirin.<\/p>\n<\/div><\/li><\/ul><div class=\"fusion-clearfix\"><\/div><\/div><\/div><div class=\"fusion-layout-column fusion_builder_column fusion-builder-column-3 fusion_builder_column_1_2 1_2 fusion-one-half fusion-column-last fusion-animated\" style=\"--awb-padding-top:40px;--awb-padding-right:40px;--awb-padding-bottom:40px;--awb-padding-left:40px;--awb-overflow:hidden;--awb-bg-color:#ffffff;--awb-bg-color-hover:#ffffff;--awb-bg-size:cover;--awb-box-shadow:0px 25px 20px 0px rgba(61,61,61,0.1);;--awb-border-color:#eaeaea;--awb-border-top:0;--awb-border-right:0;--awb-border-bottom:0;--awb-border-left:0;--awb-border-style:solid;--awb-border-radius:10px 10px 10px 10px;--awb-margin-top:-120px;width:50%;width:calc(50% - ( ( 4% ) * 0.5 ) );\" data-animationType=\"fadeInUp\" data-animationDuration=\"0.6\" data-animationOffset=\"top-into-view\"><div class=\"fusion-column-wrapper fusion-column-has-shadow fusion-flex-column-wrapper-legacy\"><div class=\"fusion-title title fusion-title-4 fusion-sep-none fusion-title-center fusion-title-text fusion-title-size-three\" style=\"--awb-text-color:#4154ff;\"><h3 class=\"fusion-title-heading title-heading-center fusion-responsive-typography-calculated\" style=\"margin:0;--fontSize:26;--minFontSize:26;line-height:1.3;\">Hemen Ba\u015fvurun !<\/h3><\/div><div class=\"fusion-text fusion-text-7\"><p style=\"text-align: center;\">Bizimle i\u015fletmelerin b\u00fcy\u00fcmesini destekleyin.<\/p>\n<\/div>\n<div class=\"wpcf7 no-js\" id=\"wpcf7-f19576-o1\" lang=\"tr-TR\" dir=\"ltr\" data-wpcf7-id=\"19576\">\n<div class=\"screen-reader-response\"><p role=\"status\" aria-live=\"polite\" aria-atomic=\"true\"><\/p> <ul><\/ul><\/div>\n<form action=\"\/tr\/wp-json\/wp\/v2\/pages\/19288#wpcf7-f19576-o1\" method=\"post\" class=\"wpcf7-form init\" aria-label=\"\u0130leti\u015fim Formu\" novalidate=\"novalidate\" data-status=\"init\">\n<fieldset class=\"hidden-fields-container\"><input type=\"hidden\" name=\"_wpcf7\" value=\"19576\" \/><input type=\"hidden\" name=\"_wpcf7_version\" value=\"6.1.4\" \/><input type=\"hidden\" name=\"_wpcf7_locale\" value=\"tr_TR\" \/><input type=\"hidden\" name=\"_wpcf7_unit_tag\" value=\"wpcf7-f19576-o1\" \/><input type=\"hidden\" name=\"_wpcf7_container_post\" value=\"0\" \/><input type=\"hidden\" name=\"_wpcf7_posted_data_hash\" value=\"\" \/>\n<\/fieldset>\n<div class=\"fusion-columns fusion-clearfix\" style=\"margin-bottom: 20px;\">\n\t<div class=\"col-lg-6 col-md-6 col-sm-12\">\n\t\t<p>Name * <span class=\"wpcf7-form-control-wrap\" data-name=\"first-name\"><input size=\"40\" maxlength=\"400\" class=\"wpcf7-form-control wpcf7-text wpcf7-validates-as-required\" aria-required=\"true\" aria-invalid=\"false\" value=\"\" type=\"text\" name=\"first-name\" \/><\/span>\n\t\t<\/p>\n\t<\/div>\n\t<div class=\"col-lg-6 col-md-6 col-sm-12\">\n\t\t<p>Phone Number * <span class=\"wpcf7-form-control-wrap phone-number\"><input class=\"wpcf7-form-control wpcf7-intl_tel wpcf7-validates-as-required wpcf7-intl-tel\" aria-required=\"true\" aria-invalid=\"false\" value=\"\" type=\"tel\" name=\"phone-number-cf7it-national\" \/><input name=\"phone-number\" type=\"hidden\" class=\"wpcf7-intl-tel-full\" \/><input type=\"hidden\" name=\"phone-number-cf7it-country-name\" class=\"wpcf7-intl-tel-country-name\" \/><input type=\"hidden\" name=\"phone-number-cf7it-country-code\" class=\"wpcf7-intl-tel-country-code\" \/><input type=\"hidden\" name=\"phone-number-cf7it-country-iso2\" class=\"wpcf7-intl-tel-country-iso2\" \/><\/span>\n\t\t<\/p>\n\t<\/div>\n<\/div>\n<div class=\"fusion-columns fusion-clearfix\" style=\"margin-bottom: 20px;\">\n\t<div class=\"col-lg-6 col-md-6 col-sm-12\">\n\t\t<p>Company Name *<br \/>\n<span class=\"wpcf7-form-control-wrap\" data-name=\"company-name\"><input size=\"40\" maxlength=\"400\" class=\"wpcf7-form-control wpcf7-text wpcf7-validates-as-required\" aria-required=\"true\" aria-invalid=\"false\" value=\"\" type=\"text\" name=\"company-name\" \/><\/span>\n\t\t<\/p>\n\t<\/div>\n\t<div class=\"col-lg-6 col-md-6 col-sm-12\">\n\t\t<p>Email Address *\n\t\t<\/p>\n\t\t<p><span class=\"wpcf7-form-control-wrap\" data-name=\"your-email\"><input size=\"40\" maxlength=\"400\" class=\"wpcf7-form-control wpcf7-email wpcf7-validates-as-required wpcf7-text wpcf7-validates-as-email\" aria-required=\"true\" aria-invalid=\"false\" value=\"\" type=\"email\" name=\"your-email\" \/><\/span>\n\t\t<\/p>\n\t<\/div>\n<\/div>\n<p style=\"margin-bottom: 30px;\">Message\n<\/p>\n<p><span class=\"wpcf7-form-control-wrap\" data-name=\"your-message\"><textarea cols=\"40\" rows=\"10\" maxlength=\"2000\" class=\"wpcf7-form-control wpcf7-textarea\" aria-invalid=\"false\" name=\"your-message\"><\/textarea><\/span>\n<\/p>\n<p><input class=\"wpcf7-form-control wpcf7-submit has-spinner\" type=\"submit\" value=\"Send\" \/>\n<\/p>\n<div class=\"hidden-xs hidden-sm hidden-md hidden-lg xx\" style=\"display:none!important\">\n\t<p><input type=\"hidden\" id=\"zc_gad\" name=\"zc_gad\" value=\"\" \/><br \/>\n<input type='text' name='source' value=\"Website\" \/><br \/>\n<input type='text' name='medium' \/><br \/>\n<input type='text' name='content' \/><br \/>\n<input type='text' name='term' \/><br \/>\n<input type='text' name='campaign' \/><br \/>\n<input type='text' name='url_page' \/><br \/>\n<input type='hidden' name='language' value=\"English\" \/>\n\t<\/p>\n<\/div><div class=\"fusion-alert alert custom alert-custom fusion-alert-center wpcf7-response-output fusion-alert-capitalize awb-alert-native-link-color alert-dismissable awb-alert-close-boxed\" style=\"--awb-border-size:1px;--awb-border-top-left-radius:0px;--awb-border-top-right-radius:0px;--awb-border-bottom-left-radius:0px;--awb-border-bottom-right-radius:0px;\" role=\"alert\"><div class=\"fusion-alert-content-wrapper\"><span class=\"fusion-alert-content\"><\/span><\/div><button type=\"button\" class=\"close toggle-alert\" data-dismiss=\"alert\" aria-label=\"Close\">&times;<\/button><\/div>\n<\/form>\n<\/div>\n<div class=\"fusion-clearfix\"><\/div><\/div><\/div><\/div><\/div><\/p>\n","protected":false},"excerpt":{"rendered":"","protected":false},"author":1,"featured_media":0,"parent":0,"menu_order":0,"comment_status":"closed","ping_status":"closed","template":"100-width.php","meta":{"nf_dc_page":"","inline_featured_image":false,"footnotes":""},"class_list":["post-19288","page","type-page","status-publish","hentry"],"yoast_head":"<!-- This site is optimized with the Yoast SEO plugin v27.2 - https:\/\/yoast.com\/product\/yoast-seo-wordpress\/ -->\n<title>Referans Ortakl\u0131\u011f\u0131 - Electronic Minds<\/title>\n<meta name=\"robots\" content=\"index, follow, max-snippet:-1, max-image-preview:large, max-video-preview:-1\" \/>\n<link rel=\"canonical\" href=\"https:\/\/electronicminds.com.tr\/tr\/referans-ortakligi\/\" \/>\n<meta property=\"og:locale\" content=\"tr_TR\" \/>\n<meta property=\"og:type\" content=\"article\" \/>\n<meta property=\"og:title\" content=\"Referans Ortakl\u0131\u011f\u0131 - Electronic Minds\" \/>\n<meta property=\"og:url\" content=\"https:\/\/electronicminds.com.tr\/tr\/referans-ortakligi\/\" \/>\n<meta property=\"og:site_name\" content=\"Electronic Minds\" \/>\n<meta property=\"article:publisher\" content=\"https:\/\/www.facebook.com\/emindsllc\" \/>\n<meta property=\"article:modified_time\" content=\"2020-09-01T19:30:38+00:00\" \/>\n<meta name=\"twitter:card\" content=\"summary_large_image\" \/>\n<meta name=\"twitter:site\" content=\"@emindsllc\" \/>\n<meta name=\"twitter:label1\" content=\"Tahmini okuma s\u00fcresi\" \/>\n\t<meta name=\"twitter:data1\" content=\"14 dakika\" \/>\n<script type=\"application\/ld+json\" class=\"yoast-schema-graph\">{\"@context\":\"https:\/\/schema.org\",\"@graph\":[{\"@type\":\"WebPage\",\"@id\":\"https:\/\/electronicminds.com.tr\/tr\/referans-ortakligi\/\",\"url\":\"https:\/\/electronicminds.com.tr\/tr\/referans-ortakligi\/\",\"name\":\"Referans Ortakl\u0131\u011f\u0131 - Electronic Minds\",\"isPartOf\":{\"@id\":\"https:\/\/electronicminds.com.tr\/tr\/#website\"},\"datePublished\":\"2020-08-24T16:25:28+00:00\",\"dateModified\":\"2020-09-01T19:30:38+00:00\",\"breadcrumb\":{\"@id\":\"https:\/\/electronicminds.com.tr\/tr\/referans-ortakligi\/#breadcrumb\"},\"inLanguage\":\"tr\",\"potentialAction\":[{\"@type\":\"ReadAction\",\"target\":[\"https:\/\/electronicminds.com.tr\/tr\/referans-ortakligi\/\"]}]},{\"@type\":\"BreadcrumbList\",\"@id\":\"https:\/\/electronicminds.com.tr\/tr\/referans-ortakligi\/#breadcrumb\",\"itemListElement\":[{\"@type\":\"ListItem\",\"position\":1,\"name\":\"Home\",\"item\":\"https:\/\/electronicminds.com.tr\/tr\/\"},{\"@type\":\"ListItem\",\"position\":2,\"name\":\"Referans Ortakl\u0131\u011f\u0131\"}]},{\"@type\":\"WebSite\",\"@id\":\"https:\/\/electronicminds.com.tr\/tr\/#website\",\"url\":\"https:\/\/electronicminds.com.tr\/tr\/\",\"name\":\"Electronic Minds | Zoho | VoIP | WhatsApp\",\"description\":\"Digital Transformation Hub\",\"publisher\":{\"@id\":\"https:\/\/electronicminds.com.tr\/tr\/#organization\"},\"potentialAction\":[{\"@type\":\"SearchAction\",\"target\":{\"@type\":\"EntryPoint\",\"urlTemplate\":\"https:\/\/electronicminds.com.tr\/tr\/?s={search_term_string}\"},\"query-input\":{\"@type\":\"PropertyValueSpecification\",\"valueRequired\":true,\"valueName\":\"search_term_string\"}}],\"inLanguage\":\"tr\"},{\"@type\":\"Organization\",\"@id\":\"https:\/\/electronicminds.com.tr\/tr\/#organization\",\"name\":\"Electronic Minds\",\"url\":\"https:\/\/electronicminds.com.tr\/tr\/\",\"logo\":{\"@type\":\"ImageObject\",\"inLanguage\":\"tr\",\"@id\":\"https:\/\/electronicminds.com.tr\/tr\/#\/schema\/logo\/image\/\",\"url\":\"https:\/\/electronicminds.com.tr\/wp-content\/uploads\/2020\/09\/electronic-minds-logo.png\",\"contentUrl\":\"https:\/\/electronicminds.com.tr\/wp-content\/uploads\/2020\/09\/electronic-minds-logo.png\",\"width\":112,\"height\":112,\"caption\":\"Electronic Minds\"},\"image\":{\"@id\":\"https:\/\/electronicminds.com.tr\/tr\/#\/schema\/logo\/image\/\"},\"sameAs\":[\"https:\/\/www.facebook.com\/emindsllc\",\"https:\/\/x.com\/emindsllc\"]}]}<\/script>\n<!-- \/ Yoast SEO plugin. -->","yoast_head_json":{"title":"Referans Ortakl\u0131\u011f\u0131 - Electronic Minds","robots":{"index":"index","follow":"follow","max-snippet":"max-snippet:-1","max-image-preview":"max-image-preview:large","max-video-preview":"max-video-preview:-1"},"canonical":"https:\/\/electronicminds.com.tr\/tr\/referans-ortakligi\/","og_locale":"tr_TR","og_type":"article","og_title":"Referans Ortakl\u0131\u011f\u0131 - Electronic Minds","og_url":"https:\/\/electronicminds.com.tr\/tr\/referans-ortakligi\/","og_site_name":"Electronic Minds","article_publisher":"https:\/\/www.facebook.com\/emindsllc","article_modified_time":"2020-09-01T19:30:38+00:00","twitter_card":"summary_large_image","twitter_site":"@emindsllc","twitter_misc":{"Tahmini okuma s\u00fcresi":"14 dakika"},"schema":{"@context":"https:\/\/schema.org","@graph":[{"@type":"WebPage","@id":"https:\/\/electronicminds.com.tr\/tr\/referans-ortakligi\/","url":"https:\/\/electronicminds.com.tr\/tr\/referans-ortakligi\/","name":"Referans Ortakl\u0131\u011f\u0131 - Electronic Minds","isPartOf":{"@id":"https:\/\/electronicminds.com.tr\/tr\/#website"},"datePublished":"2020-08-24T16:25:28+00:00","dateModified":"2020-09-01T19:30:38+00:00","breadcrumb":{"@id":"https:\/\/electronicminds.com.tr\/tr\/referans-ortakligi\/#breadcrumb"},"inLanguage":"tr","potentialAction":[{"@type":"ReadAction","target":["https:\/\/electronicminds.com.tr\/tr\/referans-ortakligi\/"]}]},{"@type":"BreadcrumbList","@id":"https:\/\/electronicminds.com.tr\/tr\/referans-ortakligi\/#breadcrumb","itemListElement":[{"@type":"ListItem","position":1,"name":"Home","item":"https:\/\/electronicminds.com.tr\/tr\/"},{"@type":"ListItem","position":2,"name":"Referans Ortakl\u0131\u011f\u0131"}]},{"@type":"WebSite","@id":"https:\/\/electronicminds.com.tr\/tr\/#website","url":"https:\/\/electronicminds.com.tr\/tr\/","name":"Electronic Minds | Zoho | VoIP | WhatsApp","description":"Digital Transformation Hub","publisher":{"@id":"https:\/\/electronicminds.com.tr\/tr\/#organization"},"potentialAction":[{"@type":"SearchAction","target":{"@type":"EntryPoint","urlTemplate":"https:\/\/electronicminds.com.tr\/tr\/?s={search_term_string}"},"query-input":{"@type":"PropertyValueSpecification","valueRequired":true,"valueName":"search_term_string"}}],"inLanguage":"tr"},{"@type":"Organization","@id":"https:\/\/electronicminds.com.tr\/tr\/#organization","name":"Electronic Minds","url":"https:\/\/electronicminds.com.tr\/tr\/","logo":{"@type":"ImageObject","inLanguage":"tr","@id":"https:\/\/electronicminds.com.tr\/tr\/#\/schema\/logo\/image\/","url":"https:\/\/electronicminds.com.tr\/wp-content\/uploads\/2020\/09\/electronic-minds-logo.png","contentUrl":"https:\/\/electronicminds.com.tr\/wp-content\/uploads\/2020\/09\/electronic-minds-logo.png","width":112,"height":112,"caption":"Electronic Minds"},"image":{"@id":"https:\/\/electronicminds.com.tr\/tr\/#\/schema\/logo\/image\/"},"sameAs":["https:\/\/www.facebook.com\/emindsllc","https:\/\/x.com\/emindsllc"]}]}},"jetpack_sharing_enabled":true,"_links":{"self":[{"href":"https:\/\/electronicminds.com.tr\/tr\/wp-json\/wp\/v2\/pages\/19288","targetHints":{"allow":["GET"]}}],"collection":[{"href":"https:\/\/electronicminds.com.tr\/tr\/wp-json\/wp\/v2\/pages"}],"about":[{"href":"https:\/\/electronicminds.com.tr\/tr\/wp-json\/wp\/v2\/types\/page"}],"author":[{"embeddable":true,"href":"https:\/\/electronicminds.com.tr\/tr\/wp-json\/wp\/v2\/users\/1"}],"replies":[{"embeddable":true,"href":"https:\/\/electronicminds.com.tr\/tr\/wp-json\/wp\/v2\/comments?post=19288"}],"version-history":[{"count":5,"href":"https:\/\/electronicminds.com.tr\/tr\/wp-json\/wp\/v2\/pages\/19288\/revisions"}],"predecessor-version":[{"id":19513,"href":"https:\/\/electronicminds.com.tr\/tr\/wp-json\/wp\/v2\/pages\/19288\/revisions\/19513"}],"wp:attachment":[{"href":"https:\/\/electronicminds.com.tr\/tr\/wp-json\/wp\/v2\/media?parent=19288"}],"curies":[{"name":"wp","href":"https:\/\/api.w.org\/{rel}","templated":true}]}}