{"id":19323,"date":"2020-08-24T20:01:48","date_gmt":"2020-08-24T17:01:48","guid":{"rendered":"https:\/\/electronicminds.com.tr\/?page_id=19323"},"modified":"2020-08-31T15:20:28","modified_gmt":"2020-08-31T12:20:28","slug":"zoho-optimizasyon","status":"publish","type":"page","link":"https:\/\/electronicminds.com.tr\/tr\/zoho-optimizasyon\/","title":{"rendered":"Zoho Optimizasyon"},"content":{"rendered":"<p><header class=\"fusion-fullwidth fullwidth-box fusion-builder-row-1 fusion-parallax-none nonhundred-percent-fullwidth hundred-percent-height hundred-percent-height-center-content non-hundred-percent-height-scrolling fusion-equal-height-columns\" style=\"--awb-border-radius-top-left:0px;--awb-border-radius-top-right:0px;--awb-border-radius-bottom-right:0px;--awb-border-radius-bottom-left:0px;--awb-margin-top:-55px;--awb-background-color:#ffffff;--awb-background-image:url(&quot;https:\/\/electronicminds.com.tr\/wp-content\/uploads\/2020\/07\/electronic-minds-zoho-optimization-header.png&quot;);--awb-background-size:cover;--awb-flex-wrap:wrap;\" ><div class=\"fusion-fullwidth-center-content\"><div class=\"fusion-builder-row fusion-row\"><div class=\"fusion-layout-column fusion_builder_column fusion-builder-column-0 fusion_builder_column_1_1 1_1 fusion-one-full fusion-column-first fusion-column-last fusion-animated\" style=\"--awb-padding-top:8%;--awb-padding-bottom:8%;--awb-bg-size:cover;\" data-animationType=\"fadeInDown\" data-animationDuration=\"0.8\" data-animationOffset=\"top-into-view\"><div class=\"fusion-column-wrapper fusion-column-has-shadow fusion-flex-column-wrapper-legacy\"><div class=\"fusion-title title fusion-title-1 fusion-sep-none fusion-title-text fusion-title-size-one\" style=\"--awb-font-size:55px;\"><h1 class=\"fusion-title-heading title-heading-left fusion-responsive-typography-calculated\" style=\"margin:0;font-size:1em;--fontSize:55;line-height:1.25;\">Zoho Optimizasyon<\/h1><\/div><div class=\"fusion-text fusion-text-1\"><h4 style=\"color: #9aa2ac; font-size: 22px; text-align: left;\">Hedeflerinize ula\u015fman\u0131za yard\u0131mc\u0131 oluyoruz.<\/h4>\n<\/div><div class=\"fusion-clearfix\"><\/div><\/div><\/div><\/div><\/div><\/header><div class=\"fusion-fullwidth fullwidth-box fusion-builder-row-2 nonhundred-percent-fullwidth non-hundred-percent-height-scrolling fusion-equal-height-columns\" style=\"--awb-background-position:left top;--awb-border-sizes-top:0px;--awb-border-sizes-bottom:0px;--awb-border-sizes-left:0px;--awb-border-sizes-right:0px;--awb-border-radius-top-left:0px;--awb-border-radius-top-right:0px;--awb-border-radius-bottom-right:0px;--awb-border-radius-bottom-left:0px;--awb-padding-top:100px;--awb-margin-top:0px;--awb-margin-bottom:0px;--awb-background-color:#f2f3f3;--awb-flex-wrap:wrap;\" ><div class=\"fusion-builder-row fusion-row\"><div class=\"fusion-layout-column fusion_builder_column fusion-builder-column-1 fusion_builder_column_1_1 1_1 fusion-one-full fusion-column-first fusion-column-last\" style=\"--awb-padding-top:65px;--awb-padding-right:65px;--awb-padding-bottom:35px;--awb-padding-left:65px;--awb-bg-color:#ffffff;--awb-bg-color-hover:#ffffff;--awb-bg-size:cover;--awb-border-color:#eeeeee;--awb-border-top:0;--awb-border-right:0;--awb-border-bottom:0;--awb-border-left:0;--awb-border-style:solid;--awb-margin-top:3%;\"><div class=\"fusion-column-wrapper fusion-column-has-shadow fusion-flex-column-wrapper-legacy\"><div class=\"fusion-column-content-centered\"><div class=\"fusion-column-content\"><div class=\"fusion-builder-row fusion-builder-row-inner fusion-row\"><div class=\"fusion-layout-column fusion_builder_column_inner fusion-builder-nested-column-0 fusion_builder_column_inner_1_3 1_3 fusion-one-third fusion-column-first\" style=\"--awb-bg-size:cover;width:33.333333333333%;width:calc(33.333333333333% - ( ( 4% ) * 0.33333333333333 ) );margin-right: 4%;\"><div class=\"fusion-column-wrapper fusion-column-has-shadow fusion-flex-column-wrapper-legacy\"><div class=\"fusion-title title fusion-title-2 fusion-sep-none fusion-title-text fusion-title-size-two\"><h2 class=\"fusion-title-heading title-heading-left fusion-responsive-typography-calculated\" style=\"margin:0;--fontSize:46;line-height:1.25;\">Zoho Optimizasyonu Nedir?<\/h2><\/div><div class=\"fusion-sep-clear\"><\/div><div class=\"fusion-separator fusion-clearfix\" style=\"float:left;margin-bottom:30px;width:100%;max-width:100px;\"><div class=\"fusion-separator-border sep-single sep-solid\" style=\"--awb-height:20px;--awb-amount:20px;--awb-sep-color:#4154ff;border-color:#4154ff;border-top-width:2px;\"><\/div><\/div><div class=\"fusion-sep-clear\"><\/div><div class=\"fusion-image-element in-legacy-container\" style=\"--awb-margin-top:-50px;--awb-caption-title-font-family:var(--h2_typography-font-family);--awb-caption-title-font-weight:var(--h2_typography-font-weight);--awb-caption-title-font-style:var(--h2_typography-font-style);--awb-caption-title-size:var(--h2_typography-font-size);--awb-caption-title-transform:var(--h2_typography-text-transform);--awb-caption-title-line-height:var(--h2_typography-line-height);--awb-caption-title-letter-spacing:var(--h2_typography-letter-spacing);\"><span class=\" fusion-imageframe imageframe-none imageframe-1 hover-type-none\"><img decoding=\"async\" width=\"467\" height=\"467\" title=\"electronic-minds-zoho-optimization (1)\" src=\"https:\/\/i0.wp.com\/electronicminds.com.tr\/wp-content\/uploads\/2020\/08\/electronic-minds-zoho-optimization-1.png?fit=467%2C467&#038;ssl=1\" alt class=\"img-responsive wp-image-19011\" srcset=\"https:\/\/i0.wp.com\/electronicminds.com.tr\/wp-content\/uploads\/2020\/08\/electronic-minds-zoho-optimization-1.png?resize=66%2C66&amp;ssl=1 66w, https:\/\/i0.wp.com\/electronicminds.com.tr\/wp-content\/uploads\/2020\/08\/electronic-minds-zoho-optimization-1.png?resize=150%2C150&amp;ssl=1 150w, https:\/\/i0.wp.com\/electronicminds.com.tr\/wp-content\/uploads\/2020\/08\/electronic-minds-zoho-optimization-1.png?resize=200%2C200&amp;ssl=1 200w, https:\/\/i0.wp.com\/electronicminds.com.tr\/wp-content\/uploads\/2020\/08\/electronic-minds-zoho-optimization-1.png?resize=300%2C300&amp;ssl=1 300w, https:\/\/i0.wp.com\/electronicminds.com.tr\/wp-content\/uploads\/2020\/08\/electronic-minds-zoho-optimization-1.png?resize=400%2C400&amp;ssl=1 400w, https:\/\/i0.wp.com\/electronicminds.com.tr\/wp-content\/uploads\/2020\/08\/electronic-minds-zoho-optimization-1.png?fit=467%2C467&amp;ssl=1 467w\" sizes=\"(max-width: 1000px) 100vw, 400px\" \/><\/span><\/div><div class=\"fusion-clearfix\"><\/div><\/div><\/div><div class=\"fusion-layout-column fusion_builder_column_inner fusion-builder-nested-column-1 fusion_builder_column_inner_2_3 2_3 fusion-two-third fusion-column-last\" style=\"--awb-bg-size:cover;width:66.666666666667%;width:calc(66.666666666667% - ( ( 4% ) * 0.66666666666667 ) );\"><div class=\"fusion-column-wrapper fusion-column-has-shadow fusion-flex-column-wrapper-legacy\"><div class=\"fusion-sep-clear\"><\/div><div class=\"fusion-separator fusion-full-width-sep\" style=\"margin-left: auto;margin-right: auto;margin-top:3%;width:100%;\"><\/div><div class=\"fusion-sep-clear\"><\/div><div class=\"fusion-text fusion-text-2\"><p>Sorunun bir k\u0131sm\u0131, bir\u00e7ok \u015firketin s\u00fcre\u00e7lerini m\u00fc\u015fteri yerine i\u00e7 organizasyonel s\u00fcre\u00e7ler etraf\u0131nda in\u015fa etmesidir. Ancak pek \u00e7ok i\u015fletme, kapsam ve yetenekler a\u00e7\u0131s\u0131ndan o kadar s\u0131n\u0131rl\u0131 olan m\u00fc\u015fteri ili\u015fkileri y\u00f6netimi sistemleri y\u00fcz\u00fcnden eksik kal\u0131yor ki, bu bilgi s\u00fcre\u00e7lerini s\u00fcrd\u00fcr\u00fcyorlar fakat i\u015fletmelerin bug\u00fcn ihtiya\u00e7 duydu\u011fu derinlemesine m\u00fc\u015fteri g\u00f6r\u00fc\u015f\u00fcn\u00fc sa\u011flayam\u0131yorlar.<\/p>\n<p>Hedeflerine ula\u015fmak i\u00e7in Zoho ara\u00e7lar\u0131n\u0131 uygulamalar\u0131na ve kullanmalar\u0131na yard\u0131mc\u0131 olmak i\u00e7in bir\u00e7ok \u015firketle birlikte \u00e7al\u0131\u015f\u0131yoruz. Bu \u015firketlerden baz\u0131lar\u0131n\u0131n sizinkine benzer ihtiya\u00e7lar\u0131 var ve onlarla olan i\u015f tecr\u00fcbemiz \u015fu anda kar\u015f\u0131la\u015fabilece\u011finiz bir\u00e7ok sorunu \u00e7\u00f6zebilir.<\/p>\n<\/div><div class=\"fusion-clearfix\"><\/div><\/div><\/div><\/div><\/div><\/div><div class=\"fusion-clearfix\"><\/div><\/div><\/div><\/div><\/div><div class=\"fusion-fullwidth fullwidth-box fusion-builder-row-3 nonhundred-percent-fullwidth non-hundred-percent-height-scrolling fusion-equal-height-columns\" style=\"--awb-background-position:left top;--awb-border-sizes-top:0px;--awb-border-sizes-bottom:0px;--awb-border-sizes-left:0px;--awb-border-sizes-right:0px;--awb-border-radius-top-left:0px;--awb-border-radius-top-right:0px;--awb-border-radius-bottom-right:0px;--awb-border-radius-bottom-left:0px;--awb-padding-top:60px;--awb-padding-bottom:100px;--awb-margin-top:0px;--awb-margin-bottom:0px;--awb-background-color:#f2f3f3;--awb-flex-wrap:wrap;\" ><div class=\"fusion-builder-row fusion-row\"><div class=\"fusion-layout-column fusion_builder_column fusion-builder-column-2 fusion_builder_column_1_1 1_1 fusion-one-full fusion-column-first fusion-column-last\" style=\"--awb-padding-top:65px;--awb-padding-right:65px;--awb-padding-bottom:35px;--awb-padding-left:65px;--awb-bg-color:#ffffff;--awb-bg-color-hover:#ffffff;--awb-bg-size:cover;--awb-border-color:#eeeeee;--awb-border-top:0;--awb-border-right:0;--awb-border-bottom:0;--awb-border-left:0;--awb-border-style:solid;--awb-margin-bottom:2%;\"><div class=\"fusion-column-wrapper fusion-column-has-shadow fusion-flex-column-wrapper-legacy\"><div class=\"fusion-column-content-centered\"><div class=\"fusion-column-content\"><div class=\"fusion-builder-row fusion-builder-row-inner fusion-row\"><div class=\"fusion-layout-column fusion_builder_column_inner fusion-builder-nested-column-2 fusion_builder_column_inner_1_3 1_3 fusion-one-third fusion-column-first fusion-column-no-min-height\" style=\"--awb-bg-size:cover;width:33.333333333333%;width:calc(33.333333333333% - ( ( 4% ) * 0.33333333333333 ) );margin-right: 4%;\"><div class=\"fusion-column-wrapper fusion-column-has-shadow fusion-flex-column-wrapper-legacy\"><div class=\"fusion-title title fusion-title-3 fusion-sep-none fusion-title-text fusion-title-size-two\"><h2 class=\"fusion-title-heading title-heading-left fusion-responsive-typography-calculated\" style=\"margin:0;--fontSize:46;line-height:1.25;\">Zoho Optimizasyonu Faydalar\u0131 Nelerdir?<\/h2><\/div><div class=\"fusion-sep-clear\"><\/div><div class=\"fusion-separator fusion-clearfix\" style=\"float:left;margin-bottom:30px;width:100%;max-width:100px;\"><div class=\"fusion-separator-border sep-single sep-solid\" style=\"--awb-height:20px;--awb-amount:20px;--awb-sep-color:#4154ff;border-color:#4154ff;border-top-width:2px;\"><\/div><\/div><div class=\"fusion-sep-clear\"><\/div><div class=\"fusion-image-element in-legacy-container\" style=\"--awb-margin-top:-50px;--awb-caption-title-font-family:var(--h2_typography-font-family);--awb-caption-title-font-weight:var(--h2_typography-font-weight);--awb-caption-title-font-style:var(--h2_typography-font-style);--awb-caption-title-size:var(--h2_typography-font-size);--awb-caption-title-transform:var(--h2_typography-text-transform);--awb-caption-title-line-height:var(--h2_typography-line-height);--awb-caption-title-letter-spacing:var(--h2_typography-letter-spacing);\"><span class=\" fusion-imageframe imageframe-none imageframe-2 hover-type-none\"><img decoding=\"async\" width=\"467\" height=\"467\" title=\"electronic-minds-zoho-optimization (2)\" src=\"https:\/\/i0.wp.com\/electronicminds.com.tr\/wp-content\/uploads\/2020\/08\/electronic-minds-zoho-optimization-2.png?fit=467%2C467&#038;ssl=1\" alt class=\"img-responsive wp-image-19012\" srcset=\"https:\/\/i0.wp.com\/electronicminds.com.tr\/wp-content\/uploads\/2020\/08\/electronic-minds-zoho-optimization-2.png?resize=66%2C66&amp;ssl=1 66w, https:\/\/i0.wp.com\/electronicminds.com.tr\/wp-content\/uploads\/2020\/08\/electronic-minds-zoho-optimization-2.png?resize=150%2C150&amp;ssl=1 150w, https:\/\/i0.wp.com\/electronicminds.com.tr\/wp-content\/uploads\/2020\/08\/electronic-minds-zoho-optimization-2.png?resize=200%2C200&amp;ssl=1 200w, https:\/\/i0.wp.com\/electronicminds.com.tr\/wp-content\/uploads\/2020\/08\/electronic-minds-zoho-optimization-2.png?resize=300%2C300&amp;ssl=1 300w, https:\/\/i0.wp.com\/electronicminds.com.tr\/wp-content\/uploads\/2020\/08\/electronic-minds-zoho-optimization-2.png?resize=400%2C400&amp;ssl=1 400w, https:\/\/i0.wp.com\/electronicminds.com.tr\/wp-content\/uploads\/2020\/08\/electronic-minds-zoho-optimization-2.png?fit=467%2C467&amp;ssl=1 467w\" sizes=\"(max-width: 1000px) 100vw, 400px\" \/><\/span><\/div><div class=\"fusion-clearfix\"><\/div><\/div><\/div><div class=\"fusion-layout-column fusion_builder_column_inner fusion-builder-nested-column-3 fusion_builder_column_inner_2_3 2_3 fusion-two-third fusion-column-last\" style=\"--awb-bg-size:cover;width:66.666666666667%;width:calc(66.666666666667% - ( ( 4% ) * 0.66666666666667 ) );\"><div class=\"fusion-column-wrapper fusion-column-has-shadow fusion-flex-column-wrapper-legacy\"><div class=\"fusion-sep-clear\"><\/div><div class=\"fusion-separator fusion-full-width-sep\" style=\"margin-left: auto;margin-right: auto;margin-top:3%;width:100%;\"><\/div><div class=\"fusion-sep-clear\"><\/div><div class=\"fusion-text fusion-text-3\"><p>Zoho Optimizasyonu, mevcut sistemin nerede tam kapasite ile kullan\u0131lmad\u0131\u011f\u0131n\u0131 belirlemeyi ve yeteneklerini i\u015f beklentilerinize ve Zoho&#8217;ya yap\u0131lan en son y\u00fckseltmeye (fark\u0131nda olmad\u0131\u011f\u0131n\u0131z \u00f6zellikleri i\u00e7erebilir) daha iyi uyarlamay\u0131 ama\u00e7lamaktad\u0131r. Bulgular\u0131m\u0131z\u0131 analiz edecek, \u00f6nerileri harmanlayacak ve yaz\u0131l\u0131 bir raporla bulgular\u0131m\u0131z\u0131 size g\u00f6nderece\u011fiz. Zoho optimizasyonumuz, yat\u0131r\u0131m\u0131n\u0131zda tam olarak neyin yanl\u0131\u015f gitti\u011fini anlaman\u0131za ve bekledi\u011finiz sonu\u00e7lar\u0131 elde etmenize yard\u0131mc\u0131 olabilir. Bunlar:<\/p>\n<\/div><ul style=\"--awb-line-height:30.6px;--awb-icon-width:30.6px;--awb-icon-height:30.6px;--awb-icon-margin:12.6px;--awb-content-margin:43.2px;\" class=\"fusion-checklist fusion-checklist-1 fusion-checklist-default type-icons\"><li class=\"fusion-li-item\" style=\"\"><span class=\"icon-wrapper circle-no\"><i class=\"fusion-li-icon fa-angle-right fas\" aria-hidden=\"true\"><\/i><\/span><div class=\"fusion-li-item-content\">\n<p>Mevcut i\u015f s\u00fcrecinizi optimize edin ve kullan\u0131c\u0131 benimseme oran\u0131n\u0131 art\u0131r\u0131n.<\/p>\n<\/div><\/li><li class=\"fusion-li-item\" style=\"\"><span class=\"icon-wrapper circle-no\"><i class=\"fusion-li-icon fa-angle-right fas\" aria-hidden=\"true\"><\/i><\/span><div class=\"fusion-li-item-content\">\n<p>Zoho&#8217;nun en son g\u00fcncellemelerine ve yeni i\u015flevsel \u00f6zelliklerine dayal\u0131 olarak i\u015f s\u00fcre\u00e7lerinize yeni iyile\u015ftirmeler ekleyin.<\/p>\n<\/div><\/li><li class=\"fusion-li-item\" style=\"\"><span class=\"icon-wrapper circle-no\"><i class=\"fusion-li-icon fa-angle-right fas\" aria-hidden=\"true\"><\/i><\/span><div class=\"fusion-li-item-content\">\n<p>Sisteminizde kalabal\u0131k olu\u015fturan gereksiz bilgileri kald\u0131r\u0131n.<\/p>\n<\/div><\/li><li class=\"fusion-li-item\" style=\"\"><span class=\"icon-wrapper circle-no\"><i class=\"fusion-li-icon fa-angle-right fas\" aria-hidden=\"true\"><\/i><\/span><div class=\"fusion-li-item-content\">\n<p>\u0130\u015fletmeniz i\u00e7in \u00fcretkenli\u011fi art\u0131rabilecek yerlerde otomasyonlar kullan\u0131n.<\/p>\n<\/div><\/li><li class=\"fusion-li-item\" style=\"\"><span class=\"icon-wrapper circle-no\"><i class=\"fusion-li-icon fa-angle-right fas\" aria-hidden=\"true\"><\/i><\/span><div class=\"fusion-li-item-content\">\n<p>\u0130leti\u015fiminizi en uygun ve verimli kanalda y\u00f6netin.<\/p>\n<\/div><\/li><li class=\"fusion-li-item\" style=\"\"><span class=\"icon-wrapper circle-no\"><i class=\"fusion-li-icon fa-angle-right fas\" aria-hidden=\"true\"><\/i><\/span><div class=\"fusion-li-item-content\">\n<p>Yetersiz d\u00f6n\u00fc\u015f\u00fcm\u00fc veya yetersiz hizmeti izleyin.<\/p>\n<\/div><\/li><\/ul><div class=\"fusion-clearfix\"><\/div><\/div><\/div><\/div><\/div><\/div><div class=\"fusion-clearfix\"><\/div><\/div><\/div><\/div><\/div><div class=\"fusion-fullwidth fullwidth-box fusion-builder-row-4 nonhundred-percent-fullwidth non-hundred-percent-height-scrolling\" style=\"--awb-border-radius-top-left:0px;--awb-border-radius-top-right:0px;--awb-border-radius-bottom-right:0px;--awb-border-radius-bottom-left:0px;--awb-background-color:#f2f3f3;--awb-flex-wrap:wrap;\" ><div class=\"fusion-builder-row fusion-row\"><div class=\"fusion-layout-column fusion_builder_column fusion-builder-column-3 fusion_builder_column_1_1 1_1 fusion-one-full fusion-column-first fusion-column-last\" style=\"--awb-bg-size:cover;\"><div class=\"fusion-column-wrapper fusion-column-has-shadow fusion-flex-column-wrapper-legacy\"><div class=\"fusion-reading-box-container reading-box-container-1\" style=\"--awb-title-color:#272d3a;--awb-margin-top:0px;--awb-margin-bottom:84px;\"><div class=\"reading-box\" style=\"background-color:#ffffff;border-width:1px;border-color:ecefef;border-left-width:3px;border-left-color:var(--primary_color);border-style:solid;\"><a class=\"button fusion-button button-default fusion-button-default-size button-default-size button-3d fusion-desktop-button fusion-tagline-button continue fusion-desktop-button-margin continue-right\" style=\"border-radius:2px 2px 2px 2px\" href=\"https:\/\/electronicminds.com.tr\/tr\/iletisim\/\" target=\"_self\"><span>Bize Ula\u015f\u0131n<\/span><\/a><h2>Zoho CRM veya Herhangi Bir Zoho \u00dcr\u00fcn\u00fcn\u00fcz Var m\u0131?<\/h2><div class=\"reading-box-additional fusion-reading-box-additional\">\n<p style=\"text-align: left;\">M\u00fckemmel bir \u015fekilde oldu\u011funuzdan emin olmak i\u00e7in Bizimle ileti\u015fime ge\u00e7in.<\/p>\n<\/div><div class=\"fusion-clearfix\"><\/div><a class=\"button fusion-button button-default fusion-button-default-size button-default-size button-3d fusion-mobile-button continue-right\" style=\"border-radius:2px 2px 2px 2px\" href=\"https:\/\/electronicminds.com.tr\/tr\/iletisim\/\" target=\"_self\"><span>Bize Ula\u015f\u0131n<\/span><\/a><\/div><svg style=\"opacity:0.70;\" xmlns=\"http:\/\/www.w3.org\/2000\/svg\" version=\"1.1\" width=\"100%\" viewBox=\"0 0 600 28\" preserveAspectRatio=\"none\"><g clip-path=\"url(#a)\"><mask id=\"b\" style=\"mask-type:luminance\" maskUnits=\"userSpaceOnUse\" x=\"0\" y=\"0\" width=\"600\" height=\"28\"><path d=\"M0 0h600v28H0V0Z\" fill=\"#fff\"\/><\/mask><g filter=\"url(#c)\" mask=\"url(#b)\"><path d=\"M16.439-18.667h567.123v30.8S438.961-8.4 300-8.4C161.04-8.4 16.438 12.133 16.438 12.133v-30.8Z\" fill=\"#000\"\/><\/g><\/g><defs><clipPath id=\"a\"><path fill=\"#fff\" d=\"M0 0h600v28H0z\"\/><\/clipPath><filter id=\"c\" x=\"5.438\" y=\"-29.667\" width=\"589.123\" height=\"52.8\" filterUnits=\"userSpaceOnUse\" color-interpolation-filters=\"sRGB\"><feFlood flood-opacity=\"0\" result=\"BackgroundImageFix\"\/><feBlend in=\"SourceGraphic\" in2=\"BackgroundImageFix\" result=\"shape\"\/><feGaussianBlur stdDeviation=\"5.5\" result=\"effect1_foregroundBlur_3983_183\"\/><\/filter><\/defs><\/svg><\/div><div class=\"fusion-clearfix\"><\/div><\/div><\/div><\/div><\/div><\/p>\n","protected":false},"excerpt":{"rendered":"","protected":false},"author":1,"featured_media":0,"parent":0,"menu_order":0,"comment_status":"closed","ping_status":"closed","template":"100-width.php","meta":{"nf_dc_page":"","inline_featured_image":false,"footnotes":""},"class_list":["post-19323","page","type-page","status-publish","hentry"],"yoast_head":"<!-- This site is optimized with the Yoast SEO plugin v27.2 - https:\/\/yoast.com\/product\/yoast-seo-wordpress\/ -->\n<title>Zoho Optimizasyon - Electronic Minds<\/title>\n<meta name=\"robots\" content=\"index, follow, max-snippet:-1, max-image-preview:large, max-video-preview:-1\" \/>\n<link rel=\"canonical\" href=\"https:\/\/electronicminds.com.tr\/tr\/zoho-optimizasyon\/\" \/>\n<meta property=\"og:locale\" content=\"tr_TR\" \/>\n<meta property=\"og:type\" content=\"article\" \/>\n<meta property=\"og:title\" content=\"Zoho Optimizasyon - Electronic Minds\" \/>\n<meta property=\"og:url\" content=\"https:\/\/electronicminds.com.tr\/tr\/zoho-optimizasyon\/\" \/>\n<meta property=\"og:site_name\" content=\"Electronic Minds\" \/>\n<meta property=\"article:publisher\" content=\"https:\/\/www.facebook.com\/emindsllc\" \/>\n<meta property=\"article:modified_time\" content=\"2020-08-31T12:20:28+00:00\" \/>\n<meta name=\"twitter:card\" content=\"summary_large_image\" \/>\n<meta name=\"twitter:site\" content=\"@emindsllc\" \/>\n<meta name=\"twitter:label1\" content=\"Tahmini okuma s\u00fcresi\" \/>\n\t<meta name=\"twitter:data1\" content=\"23 dakika\" \/>\n<script type=\"application\/ld+json\" class=\"yoast-schema-graph\">{\"@context\":\"https:\/\/schema.org\",\"@graph\":[{\"@type\":\"WebPage\",\"@id\":\"https:\/\/electronicminds.com.tr\/tr\/zoho-optimizasyon\/\",\"url\":\"https:\/\/electronicminds.com.tr\/tr\/zoho-optimizasyon\/\",\"name\":\"Zoho Optimizasyon - Electronic Minds\",\"isPartOf\":{\"@id\":\"https:\/\/electronicminds.com.tr\/tr\/#website\"},\"datePublished\":\"2020-08-24T17:01:48+00:00\",\"dateModified\":\"2020-08-31T12:20:28+00:00\",\"breadcrumb\":{\"@id\":\"https:\/\/electronicminds.com.tr\/tr\/zoho-optimizasyon\/#breadcrumb\"},\"inLanguage\":\"tr\",\"potentialAction\":[{\"@type\":\"ReadAction\",\"target\":[\"https:\/\/electronicminds.com.tr\/tr\/zoho-optimizasyon\/\"]}]},{\"@type\":\"BreadcrumbList\",\"@id\":\"https:\/\/electronicminds.com.tr\/tr\/zoho-optimizasyon\/#breadcrumb\",\"itemListElement\":[{\"@type\":\"ListItem\",\"position\":1,\"name\":\"Home\",\"item\":\"https:\/\/electronicminds.com.tr\/tr\/\"},{\"@type\":\"ListItem\",\"position\":2,\"name\":\"Zoho Optimizasyon\"}]},{\"@type\":\"WebSite\",\"@id\":\"https:\/\/electronicminds.com.tr\/tr\/#website\",\"url\":\"https:\/\/electronicminds.com.tr\/tr\/\",\"name\":\"Electronic Minds | Zoho | VoIP | WhatsApp\",\"description\":\"Digital Transformation Hub\",\"publisher\":{\"@id\":\"https:\/\/electronicminds.com.tr\/tr\/#organization\"},\"potentialAction\":[{\"@type\":\"SearchAction\",\"target\":{\"@type\":\"EntryPoint\",\"urlTemplate\":\"https:\/\/electronicminds.com.tr\/tr\/?s={search_term_string}\"},\"query-input\":{\"@type\":\"PropertyValueSpecification\",\"valueRequired\":true,\"valueName\":\"search_term_string\"}}],\"inLanguage\":\"tr\"},{\"@type\":\"Organization\",\"@id\":\"https:\/\/electronicminds.com.tr\/tr\/#organization\",\"name\":\"Electronic Minds\",\"url\":\"https:\/\/electronicminds.com.tr\/tr\/\",\"logo\":{\"@type\":\"ImageObject\",\"inLanguage\":\"tr\",\"@id\":\"https:\/\/electronicminds.com.tr\/tr\/#\/schema\/logo\/image\/\",\"url\":\"https:\/\/electronicminds.com.tr\/wp-content\/uploads\/2020\/09\/electronic-minds-logo.png\",\"contentUrl\":\"https:\/\/electronicminds.com.tr\/wp-content\/uploads\/2020\/09\/electronic-minds-logo.png\",\"width\":112,\"height\":112,\"caption\":\"Electronic Minds\"},\"image\":{\"@id\":\"https:\/\/electronicminds.com.tr\/tr\/#\/schema\/logo\/image\/\"},\"sameAs\":[\"https:\/\/www.facebook.com\/emindsllc\",\"https:\/\/x.com\/emindsllc\"]}]}<\/script>\n<!-- \/ Yoast SEO plugin. -->","yoast_head_json":{"title":"Zoho Optimizasyon - Electronic Minds","robots":{"index":"index","follow":"follow","max-snippet":"max-snippet:-1","max-image-preview":"max-image-preview:large","max-video-preview":"max-video-preview:-1"},"canonical":"https:\/\/electronicminds.com.tr\/tr\/zoho-optimizasyon\/","og_locale":"tr_TR","og_type":"article","og_title":"Zoho Optimizasyon - Electronic Minds","og_url":"https:\/\/electronicminds.com.tr\/tr\/zoho-optimizasyon\/","og_site_name":"Electronic Minds","article_publisher":"https:\/\/www.facebook.com\/emindsllc","article_modified_time":"2020-08-31T12:20:28+00:00","twitter_card":"summary_large_image","twitter_site":"@emindsllc","twitter_misc":{"Tahmini okuma s\u00fcresi":"23 dakika"},"schema":{"@context":"https:\/\/schema.org","@graph":[{"@type":"WebPage","@id":"https:\/\/electronicminds.com.tr\/tr\/zoho-optimizasyon\/","url":"https:\/\/electronicminds.com.tr\/tr\/zoho-optimizasyon\/","name":"Zoho Optimizasyon - Electronic Minds","isPartOf":{"@id":"https:\/\/electronicminds.com.tr\/tr\/#website"},"datePublished":"2020-08-24T17:01:48+00:00","dateModified":"2020-08-31T12:20:28+00:00","breadcrumb":{"@id":"https:\/\/electronicminds.com.tr\/tr\/zoho-optimizasyon\/#breadcrumb"},"inLanguage":"tr","potentialAction":[{"@type":"ReadAction","target":["https:\/\/electronicminds.com.tr\/tr\/zoho-optimizasyon\/"]}]},{"@type":"BreadcrumbList","@id":"https:\/\/electronicminds.com.tr\/tr\/zoho-optimizasyon\/#breadcrumb","itemListElement":[{"@type":"ListItem","position":1,"name":"Home","item":"https:\/\/electronicminds.com.tr\/tr\/"},{"@type":"ListItem","position":2,"name":"Zoho Optimizasyon"}]},{"@type":"WebSite","@id":"https:\/\/electronicminds.com.tr\/tr\/#website","url":"https:\/\/electronicminds.com.tr\/tr\/","name":"Electronic Minds | Zoho | VoIP | WhatsApp","description":"Digital Transformation Hub","publisher":{"@id":"https:\/\/electronicminds.com.tr\/tr\/#organization"},"potentialAction":[{"@type":"SearchAction","target":{"@type":"EntryPoint","urlTemplate":"https:\/\/electronicminds.com.tr\/tr\/?s={search_term_string}"},"query-input":{"@type":"PropertyValueSpecification","valueRequired":true,"valueName":"search_term_string"}}],"inLanguage":"tr"},{"@type":"Organization","@id":"https:\/\/electronicminds.com.tr\/tr\/#organization","name":"Electronic Minds","url":"https:\/\/electronicminds.com.tr\/tr\/","logo":{"@type":"ImageObject","inLanguage":"tr","@id":"https:\/\/electronicminds.com.tr\/tr\/#\/schema\/logo\/image\/","url":"https:\/\/electronicminds.com.tr\/wp-content\/uploads\/2020\/09\/electronic-minds-logo.png","contentUrl":"https:\/\/electronicminds.com.tr\/wp-content\/uploads\/2020\/09\/electronic-minds-logo.png","width":112,"height":112,"caption":"Electronic Minds"},"image":{"@id":"https:\/\/electronicminds.com.tr\/tr\/#\/schema\/logo\/image\/"},"sameAs":["https:\/\/www.facebook.com\/emindsllc","https:\/\/x.com\/emindsllc"]}]}},"jetpack_sharing_enabled":true,"_links":{"self":[{"href":"https:\/\/electronicminds.com.tr\/tr\/wp-json\/wp\/v2\/pages\/19323","targetHints":{"allow":["GET"]}}],"collection":[{"href":"https:\/\/electronicminds.com.tr\/tr\/wp-json\/wp\/v2\/pages"}],"about":[{"href":"https:\/\/electronicminds.com.tr\/tr\/wp-json\/wp\/v2\/types\/page"}],"author":[{"embeddable":true,"href":"https:\/\/electronicminds.com.tr\/tr\/wp-json\/wp\/v2\/users\/1"}],"replies":[{"embeddable":true,"href":"https:\/\/electronicminds.com.tr\/tr\/wp-json\/wp\/v2\/comments?post=19323"}],"version-history":[{"count":5,"href":"https:\/\/electronicminds.com.tr\/tr\/wp-json\/wp\/v2\/pages\/19323\/revisions"}],"predecessor-version":[{"id":19426,"href":"https:\/\/electronicminds.com.tr\/tr\/wp-json\/wp\/v2\/pages\/19323\/revisions\/19426"}],"wp:attachment":[{"href":"https:\/\/electronicminds.com.tr\/tr\/wp-json\/wp\/v2\/media?parent=19323"}],"curies":[{"name":"wp","href":"https:\/\/api.w.org\/{rel}","templated":true}]}}