{"id":19460,"date":"2020-08-28T17:04:41","date_gmt":"2020-08-28T14:04:41","guid":{"rendered":"https:\/\/electronicminds.com.tr\/?page_id=19460"},"modified":"2020-08-29T03:43:17","modified_gmt":"2020-08-29T00:43:17","slug":"crm-anketi","status":"publish","type":"page","link":"https:\/\/electronicminds.com.tr\/tr\/crm-anketi\/","title":{"rendered":"CRM Anketi"},"content":{"rendered":"<p><header class=\"fusion-fullwidth fullwidth-box fusion-builder-row-1 fusion-parallax-none nonhundred-percent-fullwidth hundred-percent-height hundred-percent-height-center-content non-hundred-percent-height-scrolling fusion-equal-height-columns\" style=\"--awb-border-radius-top-left:0px;--awb-border-radius-top-right:0px;--awb-border-radius-bottom-right:0px;--awb-border-radius-bottom-left:0px;--awb-padding-top:6%;--awb-padding-bottom:6%;--awb-background-image:url(&quot;https:\/\/electronicminds.com.tr\/wp-content\/uploads\/2020\/07\/electronic-minds-crm-survey-header.png&quot;);--awb-background-size:cover;--awb-flex-wrap:wrap;\" ><div class=\"fusion-fullwidth-center-content\"><div class=\"fusion-builder-row fusion-row\"><div class=\"fusion-layout-column fusion_builder_column fusion-builder-column-0 fusion_builder_column_1_1 1_1 fusion-one-full fusion-column-first fusion-column-last fusion-animated\" style=\"--awb-bg-size:cover;--awb-margin-bottom:0px;\" data-animationType=\"fadeInDown\" data-animationDuration=\"1.0\" data-animationOffset=\"top-into-view\"><div class=\"fusion-column-wrapper fusion-column-has-shadow fusion-flex-column-wrapper-legacy\"><div class=\"fusion-title title fusion-title-1 fusion-sep-none fusion-title-text fusion-title-size-one\" style=\"--awb-font-size:55px;\"><h1 class=\"fusion-title-heading title-heading-left fusion-responsive-typography-calculated\" style=\"margin:0;font-size:1em;--fontSize:55;line-height:1.25;\">CRM Anketi<\/h1><\/div><div class=\"fusion-text fusion-text-1\"><h4 style=\"color: #9aa2ac; font-size: 22px; text-align: left;\">\u0130htiya\u00e7lar\u0131n\u0131z\u0131 bize bildirin, b\u00f6ylece sizin i\u00e7in en iyi \u00e7\u00f6z\u00fcm\u00fc de\u011ferlendirebiliriz.<\/h4>\n<\/div><div class=\"fusion-clearfix\"><\/div><\/div><\/div><\/div><\/div><\/header><div class=\"fusion-fullwidth fullwidth-box fusion-builder-row-2 nonhundred-percent-fullwidth non-hundred-percent-height-scrolling\" style=\"--awb-border-radius-top-left:0px;--awb-border-radius-top-right:0px;--awb-border-radius-bottom-right:0px;--awb-border-radius-bottom-left:0px;--awb-background-color:#e83630;--awb-flex-wrap:wrap;\" ><div class=\"fusion-builder-row fusion-row\"><div class=\"fusion-layout-column fusion_builder_column fusion-builder-column-1 fusion_builder_column_1_1 1_1 fusion-one-full fusion-column-first fusion-column-last fusion-animated\" style=\"--awb-bg-size:cover;--awb-margin-bottom:0px;\" data-animationType=\"fadeInUp\" data-animationDuration=\"0.9\" data-animationOffset=\"top-into-view\"><div class=\"fusion-column-wrapper fusion-column-has-shadow fusion-flex-column-wrapper-legacy\"><div class=\"fusion-title title fusion-title-2 fusion-sep-none fusion-title-center fusion-title-text fusion-title-size-three\" style=\"--awb-text-color:#ffffff;--awb-margin-top-small:20px;\"><h3 class=\"fusion-title-heading title-heading-center fusion-responsive-typography-calculated\" style=\"margin:0;--fontSize:26;--minFontSize:26;line-height:1.3;\">Bu anket arac\u0131l\u0131\u011f\u0131yla toplanan bilgiler, Gizlilik Politikam\u0131za uygun olarak kullan\u0131lacakt\u0131r.<\/h3><\/div><div class=\"fusion-clearfix\"><\/div><\/div><\/div><\/div><\/div><div class=\"fusion-fullwidth fullwidth-box fusion-builder-row-3 nonhundred-percent-fullwidth non-hundred-percent-height-scrolling\" style=\"--awb-border-radius-top-left:0px;--awb-border-radius-top-right:0px;--awb-border-radius-bottom-right:0px;--awb-border-radius-bottom-left:0px;--awb-padding-top:6%;--awb-padding-bottom:6%;--awb-flex-wrap:wrap;\" ><div class=\"fusion-builder-row fusion-row\"><div class=\"fusion-layout-column fusion_builder_column fusion-builder-column-2 fusion_builder_column_1_1 1_1 fusion-one-full fusion-column-first fusion-column-last\" style=\"--awb-bg-size:cover;\"><div class=\"fusion-column-wrapper fusion-column-has-shadow fusion-flex-column-wrapper-legacy\"><a class=\"fusion-modal-text-link\" data-toggle=\"modal\" data-target=\".fusion-modal.test\" href=\"#\"><iframe style=\"height: 6510px; width: 100%;\" src=\"https:\/\/survey.zohopublic.eu\/zs\/XLB8Tp\" frameborder=\"0\" marginwidth=\"0\" marginheight=\"0\" scrolling=\"auto\" data-mce-fragment=\"1\"><\/iframe><\/a><div class=\"fusion-clearfix\"><\/div><\/div><\/div><\/div><\/div><\/p>\n","protected":false},"excerpt":{"rendered":"","protected":false},"author":1,"featured_media":0,"parent":0,"menu_order":0,"comment_status":"closed","ping_status":"closed","template":"100-width.php","meta":{"nf_dc_page":"","inline_featured_image":false,"footnotes":""},"class_list":["post-19460","page","type-page","status-publish","hentry"],"yoast_head":"<!-- This site is optimized with the Yoast SEO plugin v27.2 - https:\/\/yoast.com\/product\/yoast-seo-wordpress\/ -->\n<title>CRM Anketi - Electronic Minds<\/title>\n<meta name=\"robots\" content=\"index, follow, max-snippet:-1, max-image-preview:large, max-video-preview:-1\" \/>\n<link rel=\"canonical\" href=\"https:\/\/electronicminds.com.tr\/tr\/crm-anketi\/\" \/>\n<meta property=\"og:locale\" content=\"tr_TR\" \/>\n<meta property=\"og:type\" content=\"article\" \/>\n<meta property=\"og:title\" content=\"CRM Anketi - Electronic Minds\" \/>\n<meta property=\"og:url\" content=\"https:\/\/electronicminds.com.tr\/tr\/crm-anketi\/\" \/>\n<meta property=\"og:site_name\" content=\"Electronic Minds\" \/>\n<meta property=\"article:publisher\" content=\"https:\/\/www.facebook.com\/emindsllc\" \/>\n<meta property=\"article:modified_time\" content=\"2020-08-29T00:43:17+00:00\" \/>\n<meta name=\"twitter:card\" content=\"summary_large_image\" \/>\n<meta name=\"twitter:site\" content=\"@emindsllc\" \/>\n<meta name=\"twitter:label1\" content=\"Tahmini okuma s\u00fcresi\" \/>\n\t<meta name=\"twitter:data1\" content=\"10 dakika\" \/>\n<script type=\"application\/ld+json\" class=\"yoast-schema-graph\">{\"@context\":\"https:\/\/schema.org\",\"@graph\":[{\"@type\":\"WebPage\",\"@id\":\"https:\/\/electronicminds.com.tr\/tr\/crm-anketi\/\",\"url\":\"https:\/\/electronicminds.com.tr\/tr\/crm-anketi\/\",\"name\":\"CRM Anketi - Electronic Minds\",\"isPartOf\":{\"@id\":\"https:\/\/electronicminds.com.tr\/tr\/#website\"},\"datePublished\":\"2020-08-28T14:04:41+00:00\",\"dateModified\":\"2020-08-29T00:43:17+00:00\",\"breadcrumb\":{\"@id\":\"https:\/\/electronicminds.com.tr\/tr\/crm-anketi\/#breadcrumb\"},\"inLanguage\":\"tr\",\"potentialAction\":[{\"@type\":\"ReadAction\",\"target\":[\"https:\/\/electronicminds.com.tr\/tr\/crm-anketi\/\"]}]},{\"@type\":\"BreadcrumbList\",\"@id\":\"https:\/\/electronicminds.com.tr\/tr\/crm-anketi\/#breadcrumb\",\"itemListElement\":[{\"@type\":\"ListItem\",\"position\":1,\"name\":\"Home\",\"item\":\"https:\/\/electronicminds.com.tr\/tr\/\"},{\"@type\":\"ListItem\",\"position\":2,\"name\":\"CRM Anketi\"}]},{\"@type\":\"WebSite\",\"@id\":\"https:\/\/electronicminds.com.tr\/tr\/#website\",\"url\":\"https:\/\/electronicminds.com.tr\/tr\/\",\"name\":\"Electronic Minds | Zoho | VoIP | WhatsApp\",\"description\":\"Digital Transformation Hub\",\"publisher\":{\"@id\":\"https:\/\/electronicminds.com.tr\/tr\/#organization\"},\"potentialAction\":[{\"@type\":\"SearchAction\",\"target\":{\"@type\":\"EntryPoint\",\"urlTemplate\":\"https:\/\/electronicminds.com.tr\/tr\/?s={search_term_string}\"},\"query-input\":{\"@type\":\"PropertyValueSpecification\",\"valueRequired\":true,\"valueName\":\"search_term_string\"}}],\"inLanguage\":\"tr\"},{\"@type\":\"Organization\",\"@id\":\"https:\/\/electronicminds.com.tr\/tr\/#organization\",\"name\":\"Electronic Minds\",\"url\":\"https:\/\/electronicminds.com.tr\/tr\/\",\"logo\":{\"@type\":\"ImageObject\",\"inLanguage\":\"tr\",\"@id\":\"https:\/\/electronicminds.com.tr\/tr\/#\/schema\/logo\/image\/\",\"url\":\"https:\/\/electronicminds.com.tr\/wp-content\/uploads\/2020\/09\/electronic-minds-logo.png\",\"contentUrl\":\"https:\/\/electronicminds.com.tr\/wp-content\/uploads\/2020\/09\/electronic-minds-logo.png\",\"width\":112,\"height\":112,\"caption\":\"Electronic Minds\"},\"image\":{\"@id\":\"https:\/\/electronicminds.com.tr\/tr\/#\/schema\/logo\/image\/\"},\"sameAs\":[\"https:\/\/www.facebook.com\/emindsllc\",\"https:\/\/x.com\/emindsllc\"]}]}<\/script>\n<!-- \/ Yoast SEO plugin. -->","yoast_head_json":{"title":"CRM Anketi - Electronic Minds","robots":{"index":"index","follow":"follow","max-snippet":"max-snippet:-1","max-image-preview":"max-image-preview:large","max-video-preview":"max-video-preview:-1"},"canonical":"https:\/\/electronicminds.com.tr\/tr\/crm-anketi\/","og_locale":"tr_TR","og_type":"article","og_title":"CRM Anketi - Electronic Minds","og_url":"https:\/\/electronicminds.com.tr\/tr\/crm-anketi\/","og_site_name":"Electronic Minds","article_publisher":"https:\/\/www.facebook.com\/emindsllc","article_modified_time":"2020-08-29T00:43:17+00:00","twitter_card":"summary_large_image","twitter_site":"@emindsllc","twitter_misc":{"Tahmini okuma s\u00fcresi":"10 dakika"},"schema":{"@context":"https:\/\/schema.org","@graph":[{"@type":"WebPage","@id":"https:\/\/electronicminds.com.tr\/tr\/crm-anketi\/","url":"https:\/\/electronicminds.com.tr\/tr\/crm-anketi\/","name":"CRM Anketi - Electronic Minds","isPartOf":{"@id":"https:\/\/electronicminds.com.tr\/tr\/#website"},"datePublished":"2020-08-28T14:04:41+00:00","dateModified":"2020-08-29T00:43:17+00:00","breadcrumb":{"@id":"https:\/\/electronicminds.com.tr\/tr\/crm-anketi\/#breadcrumb"},"inLanguage":"tr","potentialAction":[{"@type":"ReadAction","target":["https:\/\/electronicminds.com.tr\/tr\/crm-anketi\/"]}]},{"@type":"BreadcrumbList","@id":"https:\/\/electronicminds.com.tr\/tr\/crm-anketi\/#breadcrumb","itemListElement":[{"@type":"ListItem","position":1,"name":"Home","item":"https:\/\/electronicminds.com.tr\/tr\/"},{"@type":"ListItem","position":2,"name":"CRM Anketi"}]},{"@type":"WebSite","@id":"https:\/\/electronicminds.com.tr\/tr\/#website","url":"https:\/\/electronicminds.com.tr\/tr\/","name":"Electronic Minds | Zoho | VoIP | WhatsApp","description":"Digital Transformation Hub","publisher":{"@id":"https:\/\/electronicminds.com.tr\/tr\/#organization"},"potentialAction":[{"@type":"SearchAction","target":{"@type":"EntryPoint","urlTemplate":"https:\/\/electronicminds.com.tr\/tr\/?s={search_term_string}"},"query-input":{"@type":"PropertyValueSpecification","valueRequired":true,"valueName":"search_term_string"}}],"inLanguage":"tr"},{"@type":"Organization","@id":"https:\/\/electronicminds.com.tr\/tr\/#organization","name":"Electronic Minds","url":"https:\/\/electronicminds.com.tr\/tr\/","logo":{"@type":"ImageObject","inLanguage":"tr","@id":"https:\/\/electronicminds.com.tr\/tr\/#\/schema\/logo\/image\/","url":"https:\/\/electronicminds.com.tr\/wp-content\/uploads\/2020\/09\/electronic-minds-logo.png","contentUrl":"https:\/\/electronicminds.com.tr\/wp-content\/uploads\/2020\/09\/electronic-minds-logo.png","width":112,"height":112,"caption":"Electronic Minds"},"image":{"@id":"https:\/\/electronicminds.com.tr\/tr\/#\/schema\/logo\/image\/"},"sameAs":["https:\/\/www.facebook.com\/emindsllc","https:\/\/x.com\/emindsllc"]}]}},"jetpack_sharing_enabled":true,"_links":{"self":[{"href":"https:\/\/electronicminds.com.tr\/tr\/wp-json\/wp\/v2\/pages\/19460","targetHints":{"allow":["GET"]}}],"collection":[{"href":"https:\/\/electronicminds.com.tr\/tr\/wp-json\/wp\/v2\/pages"}],"about":[{"href":"https:\/\/electronicminds.com.tr\/tr\/wp-json\/wp\/v2\/types\/page"}],"author":[{"embeddable":true,"href":"https:\/\/electronicminds.com.tr\/tr\/wp-json\/wp\/v2\/users\/1"}],"replies":[{"embeddable":true,"href":"https:\/\/electronicminds.com.tr\/tr\/wp-json\/wp\/v2\/comments?post=19460"}],"version-history":[{"count":3,"href":"https:\/\/electronicminds.com.tr\/tr\/wp-json\/wp\/v2\/pages\/19460\/revisions"}],"predecessor-version":[{"id":19463,"href":"https:\/\/electronicminds.com.tr\/tr\/wp-json\/wp\/v2\/pages\/19460\/revisions\/19463"}],"wp:attachment":[{"href":"https:\/\/electronicminds.com.tr\/tr\/wp-json\/wp\/v2\/media?parent=19460"}],"curies":[{"name":"wp","href":"https:\/\/api.w.org\/{rel}","templated":true}]}}